{"id":5,"date":"2012-04-27T11:48:32","date_gmt":"2012-04-27T11:48:32","guid":{"rendered":"http:\/\/dotorismyblog.com\/es\/?page_id=5"},"modified":"2012-04-27T11:48:32","modified_gmt":"2012-04-27T11:48:32","slug":"acerca-de-nosotros","status":"publish","type":"page","link":"https:\/\/dotorismyblog.com\/spanish\/acerca-de-nosotros\/","title":{"rendered":"Acerca de nosotros"},"content":{"rendered":"<p>DotorisMyBlog se dedica a la del Consumidor. Con tanto inter\u00e9s en que la gente compre, compre, compre, creemos que es vital para proporcionar un recurso de confianza para las evaluaciones honestas, evaluaciones y recomendaciones de y para los productos de consumo. Los elementos que tomamos en consideraci\u00f3n incluyen el servicio de una empresa, la calidad de los productos, la entrega y de ida y vuelta, y la experiencia global de compras en l\u00ednea. Pero tambi\u00e9n dar un paso m\u00e1s, porque es importante no s\u00f3lo obtener el producto adecuado, sino tambi\u00e9n por el precio correcto.<\/p>\n<p>Es por eso que en realidad tenemos un equipo especialmente dedicado al seguimiento de la web para obtener la parte baja de los descuentos especiales, ofertas y promociones ofrecidos por los comerciantes. A continuaci\u00f3n, filtrar y destilar la informaci\u00f3n en forma f\u00e1cil de digerir y compartirlo junto a muchos de nuestros comentarios. Esto asegura que nuestros lectores las \u00faltimas oportunidades de conseguir y la mayor\u00eda hasta la fecha de ahorrar sin que el dolor de cabeza de tener que buscar y buscar en las propias p\u00e1ginas. Pasamos a la informaci\u00f3n sobre lo que podr\u00eda ahorrar, c\u00f3mo funcionan las promociones individuales, cuando en el proceso de compra que entran en juego, y cu\u00e1nto duran.<\/p>\n<p>Nuestro objetivo es un p\u00fablico especializado y los lectores de retorno. No dude en marcar nuestro sitio y utilizarlo como una gu\u00eda cada vez que usted decide hacer una compra y necesitan m\u00e1s estudios antes de dar el paso. Y para garantizar los mejores resultados, revise con regularidad y compra <em> exactamente <\/ em> a la derecha. Queremos que ustedes, nuestros lectores, para retomar el poder y hacer de su duramente ganado dinero trabaje para usted otra vez.<\/p>\n","protected":false},"excerpt":{"rendered":"<p>DotorisMyBlog se dedica a la del Consumidor. Con tanto inter\u00e9s en que la gente compre, compre, compre, creemos que es vital para proporcionar un recurso de confianza para las evaluaciones honestas, evaluaciones y recomendaciones de y para los productos de consumo. Los elementos que tomamos en consideraci\u00f3n incluyen el servicio de una empresa, la calidad &hellip; <a href=\"https:\/\/dotorismyblog.com\/spanish\/acerca-de-nosotros\/\" class=\"more-link\">Continue reading <span class=\"screen-reader-text\">Acerca de nosotros<\/span><\/a><\/p>\n","protected":false},"author":1,"featured_media":0,"parent":0,"menu_order":0,"comment_status":"open","ping_status":"open","template":"","meta":{"footnotes":""},"class_list":["post-5","page","type-page","status-publish","hentry"],"_links":{"self":[{"href":"https:\/\/dotorismyblog.com\/spanish\/wp-json\/wp\/v2\/pages\/5","targetHints":{"allow":["GET"]}}],"collection":[{"href":"https:\/\/dotorismyblog.com\/spanish\/wp-json\/wp\/v2\/pages"}],"about":[{"href":"https:\/\/dotorismyblog.com\/spanish\/wp-json\/wp\/v2\/types\/page"}],"author":[{"embeddable":true,"href":"https:\/\/dotorismyblog.com\/spanish\/wp-json\/wp\/v2\/users\/1"}],"replies":[{"embeddable":true,"href":"https:\/\/dotorismyblog.com\/spanish\/wp-json\/wp\/v2\/comments?post=5"}],"version-history":[{"count":1,"href":"https:\/\/dotorismyblog.com\/spanish\/wp-json\/wp\/v2\/pages\/5\/revisions"}],"predecessor-version":[{"id":6,"href":"https:\/\/dotorismyblog.com\/spanish\/wp-json\/wp\/v2\/pages\/5\/revisions\/6"}],"wp:attachment":[{"href":"https:\/\/dotorismyblog.com\/spanish\/wp-json\/wp\/v2\/media?parent=5"}],"curies":[{"name":"wp","href":"https:\/\/api.w.org\/{rel}","templated":true}]}}