{"id":5,"date":"2012-04-27T11:47:19","date_gmt":"2012-04-27T11:47:19","guid":{"rendered":"http:\/\/dotorismyblog.com\/it\/?page_id=5"},"modified":"2012-04-27T11:47:19","modified_gmt":"2012-04-27T11:47:19","slug":"la-compagnia","status":"publish","type":"page","link":"https:\/\/dotorismyblog.com\/italy\/la-compagnia\/","title":{"rendered":"La Compagnia"},"content":{"rendered":"<p>DotorisMyBlog lavora per il Consumatore. In seguito allo sviluppo del settore dei servizi, tutti vogliono farci comprare questo o quello, motivo per cui \u00e8 necessario che i consumatori possano ottenere informazioni, valutazioni e raccomandazioni oggettive ed oneste. Gli elementi che prendiamo in considerazione includono il servizio, la qualit\u00e0 dei prodotti, i servizi di spedizione e di sostituzione di una compagnia e la facilit\u00e0 con la quale i consumatori possono acquistare online. Ci occupiamo anche di valutare il rapporto qualit\u00e0-prezzo dei prodotti e dei servizi offerti. <\/p>\n<p>Ecco perch\u00e9 abbiamo un team specializzato nel monitoraggio del web per ottenere le ultime notizie su sconti, offerte e promozioni offerte dai venditori.  Dopodich\u00e9, i nostri esperti filtrano e verificano le informazioni in modo che siano facilmente comprensibili e le condividono con le nostre valutazioni. Questo metodo serve a far s\u00ec che i nostri lettori siano costantemente informati sulle ultime opportunit\u00e0 per risparmiare sempre dover cercare tra centinaia di pagine web da soli.  Forniamo informazioni su quanto potete risparmiare, come funzionano le promozioni individuali, quando queste entrano in gioco durante l\u2019acquisto e per quanto sono disponibili. <\/p>\n<p>Il nostro obiettivo \u00e8 avere un pubblico fedele ed affezionato. Aggiungete il nostro sito ai vostri preferiti ed usatelo come guida ogni qual volta deciderete di effettuare un acquisto ed avrete bisogno di maggiori informazioni prima di procedere. E per garantire I migliori risultati, visitateci regolarmente per acquistare a dei prezzi pi\u00f9 che vantaggiosi. Vogliamo che tutti voi, in quanto nostri lettori, riprendiate in mano il vostro potere e spendiate il vostro denaro nel modo pi\u00f9 giusto.<\/p>\n","protected":false},"excerpt":{"rendered":"<p>DotorisMyBlog lavora per il Consumatore. In seguito allo sviluppo del settore dei servizi, tutti vogliono farci comprare questo o quello, motivo per cui \u00e8 necessario che i consumatori possano ottenere informazioni, valutazioni e raccomandazioni oggettive ed oneste. Gli elementi che prendiamo in considerazione includono il servizio, la qualit\u00e0 dei prodotti, i servizi di spedizione e &hellip; <a href=\"https:\/\/dotorismyblog.com\/italy\/la-compagnia\/\" class=\"more-link\">Continue reading <span class=\"screen-reader-text\">La Compagnia<\/span><\/a><\/p>\n","protected":false},"author":1,"featured_media":0,"parent":0,"menu_order":0,"comment_status":"open","ping_status":"open","template":"","meta":{"footnotes":""},"class_list":["post-5","page","type-page","status-publish","hentry"],"_links":{"self":[{"href":"https:\/\/dotorismyblog.com\/italy\/wp-json\/wp\/v2\/pages\/5","targetHints":{"allow":["GET"]}}],"collection":[{"href":"https:\/\/dotorismyblog.com\/italy\/wp-json\/wp\/v2\/pages"}],"about":[{"href":"https:\/\/dotorismyblog.com\/italy\/wp-json\/wp\/v2\/types\/page"}],"author":[{"embeddable":true,"href":"https:\/\/dotorismyblog.com\/italy\/wp-json\/wp\/v2\/users\/1"}],"replies":[{"embeddable":true,"href":"https:\/\/dotorismyblog.com\/italy\/wp-json\/wp\/v2\/comments?post=5"}],"version-history":[{"count":1,"href":"https:\/\/dotorismyblog.com\/italy\/wp-json\/wp\/v2\/pages\/5\/revisions"}],"predecessor-version":[{"id":6,"href":"https:\/\/dotorismyblog.com\/italy\/wp-json\/wp\/v2\/pages\/5\/revisions\/6"}],"wp:attachment":[{"href":"https:\/\/dotorismyblog.com\/italy\/wp-json\/wp\/v2\/media?parent=5"}],"curies":[{"name":"wp","href":"https:\/\/api.w.org\/{rel}","templated":true}]}}