{"id":5,"date":"2012-04-27T11:45:34","date_gmt":"2012-04-27T11:45:34","guid":{"rendered":"http:\/\/dotorismyblog.com\/fr\/?page_id=5"},"modified":"2012-04-27T11:45:34","modified_gmt":"2012-04-27T11:45:34","slug":"a-propos-de-nous","status":"publish","type":"page","link":"https:\/\/dotorismyblog.com\/france\/a-propos-de-nous\/","title":{"rendered":"A propos de nous"},"content":{"rendered":"<p>DotorisMyBlog est d\u00e9di\u00e9 au consommateur. Avec l\u2019int\u00e9r\u00eat tout particulier \u00e0 inciter les gens \u00e0 acheter, acheter, acheter, nous croyons qu&#8217;il est vital de fournir une ressource de confiance pour les \u00e9valuations honn\u00eates, les appr\u00e9ciations et les recommandations \u2018de\u2019 et \u2018pour\u2019 les produits de consommation. Les \u00e9l\u00e9ments que nous prenons en consid\u00e9ration comprennent un service d&#8217;entreprise, la qualit\u00e9 des produits, les services de livraison &amp; retour et l&#8217;ensemble de la proc\u00e9dure d\u2019achat en ligne. Mais nous allons aussi plus loin parce que c&#8217;est important non seulement d\u2019avoir le bon produit, mais aussi le bon prix.<\/p>\n<p>C&#8217;est pourquoi nous avons une \u00e9quipe sp\u00e9cialement d\u00e9di\u00e9e \u00e0 la surveillance du web pour obtenir les plus bas prix sur les rabais sp\u00e9ciaux, les offres et promotions offerts par les commer\u00e7ants. Ils filtrent ensuite et distillent les informations avec une mani\u00e8re facile \u00e0 dig\u00e9rer et les partagent aux c\u00f4t\u00e9s de plusieurs de nos commentaires. Cela garantit que nos lecteurs obtiennent les opportunit\u00e9s les plus r\u00e9centes et \u00e0 jour afin de profiter sans avoir le mal de t\u00eate de chasser et rechercher les pages par eux-m\u00eames. Nous transmettons les informations sur ce que vous pourriez \u00e9conomiser, comment fonctionnent les promotions individuelles, quand ils interviennent dans le processus d&#8217;achat et combien de temps ils vont durer.<\/p>\n<p>Notre objectif est un lectorat fid\u00e8le et d\u00e9di\u00e9. N&#8217;h\u00e9sitez pas \u00e0 ajouter notre site \u00e0 vos favoris et \u00e0 l&#8217;utiliser comme un guide chaque fois que vous d\u00e9cidez de faire un achat et que vous avez besoin de plus d\u2019\u00e9claircissements avant de faire le plongeon. Et pour garantir les meilleurs r\u00e9sultats, v\u00e9rifiez r\u00e9guli\u00e8rement et achetez exactement au bon moment. Nous voulons que vous, nos lecteurs, vous repreniez le contr\u00f4le et vous faites travailler votre argent durement gagn\u00e9 pour vous \u00e0 nouveau.<\/p>\n","protected":false},"excerpt":{"rendered":"<p>DotorisMyBlog est d\u00e9di\u00e9 au consommateur. Avec l\u2019int\u00e9r\u00eat tout particulier \u00e0 inciter les gens \u00e0 acheter, acheter, acheter, nous croyons qu&#8217;il est vital de fournir une ressource de confiance pour les \u00e9valuations honn\u00eates, les appr\u00e9ciations et les recommandations \u2018de\u2019 et \u2018pour\u2019 les produits de consommation. Les \u00e9l\u00e9ments que nous prenons en consid\u00e9ration comprennent un service d&#8217;entreprise, &hellip; <a href=\"https:\/\/dotorismyblog.com\/france\/a-propos-de-nous\/\" class=\"more-link\">Continue reading <span class=\"screen-reader-text\">A propos de nous<\/span><\/a><\/p>\n","protected":false},"author":1,"featured_media":0,"parent":0,"menu_order":0,"comment_status":"open","ping_status":"open","template":"","meta":{"footnotes":""},"class_list":["post-5","page","type-page","status-publish","hentry"],"_links":{"self":[{"href":"https:\/\/dotorismyblog.com\/france\/wp-json\/wp\/v2\/pages\/5","targetHints":{"allow":["GET"]}}],"collection":[{"href":"https:\/\/dotorismyblog.com\/france\/wp-json\/wp\/v2\/pages"}],"about":[{"href":"https:\/\/dotorismyblog.com\/france\/wp-json\/wp\/v2\/types\/page"}],"author":[{"embeddable":true,"href":"https:\/\/dotorismyblog.com\/france\/wp-json\/wp\/v2\/users\/1"}],"replies":[{"embeddable":true,"href":"https:\/\/dotorismyblog.com\/france\/wp-json\/wp\/v2\/comments?post=5"}],"version-history":[{"count":1,"href":"https:\/\/dotorismyblog.com\/france\/wp-json\/wp\/v2\/pages\/5\/revisions"}],"predecessor-version":[{"id":6,"href":"https:\/\/dotorismyblog.com\/france\/wp-json\/wp\/v2\/pages\/5\/revisions\/6"}],"wp:attachment":[{"href":"https:\/\/dotorismyblog.com\/france\/wp-json\/wp\/v2\/media?parent=5"}],"curies":[{"name":"wp","href":"https:\/\/api.w.org\/{rel}","templated":true}]}}